{"id":143,"date":"2024-03-15T11:12:11","date_gmt":"2024-03-15T10:12:11","guid":{"rendered":"http:\/\/monvoio.cluster030.hosting.ovh.net\/?page_id=143"},"modified":"2024-06-12T11:17:09","modified_gmt":"2024-06-12T09:17:09","slug":"mentions-legales-du-site","status":"publish","type":"page","link":"https:\/\/www.monvoisinmeregale.fr\/index.php\/mentions-legales-du-site\/","title":{"rendered":"mentions l\u00e9gales"},"content":{"rendered":"\t\t<div data-elementor-type=\"wp-page\" data-elementor-id=\"143\" class=\"elementor elementor-143\">\n\t\t\t\t<div class=\"elementor-element elementor-element-95355ba e-flex e-con-boxed e-con e-parent\" data-id=\"95355ba\" data-element_type=\"container\" data-e-type=\"container\">\n\t\t\t\t\t<div class=\"e-con-inner\">\n\t\t\t\t<div class=\"elementor-element elementor-element-9d0cde6 elementor-widget elementor-widget-heading\" data-id=\"9d0cde6\" data-element_type=\"widget\" data-e-type=\"widget\" data-widget_type=\"heading.default\">\n\t\t\t\t<div class=\"elementor-widget-container\">\n\t\t\t\t\t<h2 class=\"elementor-heading-title elementor-size-default\">Mentions l\u00e9gales<\/h2>\t\t\t\t<\/div>\n\t\t\t\t<\/div>\n\t\t\t\t\t<\/div>\n\t\t\t\t<\/div>\n\t\t<div class=\"elementor-element elementor-element-ddbc98a e-flex e-con-boxed e-con e-parent\" data-id=\"ddbc98a\" data-element_type=\"container\" data-e-type=\"container\">\n\t\t\t\t\t<div class=\"e-con-inner\">\n\t\t\t\t<div class=\"elementor-element elementor-element-4bad18c elementor-widget-divider--view-line_icon elementor-view-default elementor-widget-divider--element-align-center elementor-widget elementor-widget-divider\" data-id=\"4bad18c\" data-element_type=\"widget\" data-e-type=\"widget\" data-widget_type=\"divider.default\">\n\t\t\t\t<div class=\"elementor-widget-container\">\n\t\t\t\t\t\t\t<div class=\"elementor-divider\">\n\t\t\t<span class=\"elementor-divider-separator\">\n\t\t\t\t\t\t\t<div class=\"elementor-icon elementor-divider__element\">\n\t\t\t\t\t<svg aria-hidden=\"true\" class=\"e-font-icon-svg e-fas-balance-scale\" viewBox=\"0 0 640 512\" xmlns=\"http:\/\/www.w3.org\/2000\/svg\"><path d=\"M256 336h-.02c0-16.18 1.34-8.73-85.05-181.51-17.65-35.29-68.19-35.36-85.87 0C-2.06 328.75.02 320.33.02 336H0c0 44.18 57.31 80 128 80s128-35.82 128-80zM128 176l72 144H56l72-144zm511.98 160c0-16.18 1.34-8.73-85.05-181.51-17.65-35.29-68.19-35.36-85.87 0-87.12 174.26-85.04 165.84-85.04 181.51H384c0 44.18 57.31 80 128 80s128-35.82 128-80h-.02zM440 320l72-144 72 144H440zm88 128H352V153.25c23.51-10.29 41.16-31.48 46.39-57.25H528c8.84 0 16-7.16 16-16V48c0-8.84-7.16-16-16-16H383.64C369.04 12.68 346.09 0 320 0s-49.04 12.68-63.64 32H112c-8.84 0-16 7.16-16 16v32c0 8.84 7.16 16 16 16h129.61c5.23 25.76 22.87 46.96 46.39 57.25V448H112c-8.84 0-16 7.16-16 16v32c0 8.84 7.16 16 16 16h416c8.84 0 16-7.16 16-16v-32c0-8.84-7.16-16-16-16z\"><\/path><\/svg><\/div>\n\t\t\t\t\t\t<\/span>\n\t\t<\/div>\n\t\t\t\t\t\t<\/div>\n\t\t\t\t<\/div>\n\t\t\t\t\t<\/div>\n\t\t\t\t<\/div>\n\t\t<div class=\"elementor-element elementor-element-2f32e91 e-flex e-con-boxed e-con e-parent\" data-id=\"2f32e91\" data-element_type=\"container\" data-e-type=\"container\">\n\t\t\t\t\t<div class=\"e-con-inner\">\n\t\t\t\t<div class=\"elementor-element elementor-element-f379df2 elementor-widget elementor-widget-text-editor\" data-id=\"f379df2\" data-element_type=\"widget\" data-e-type=\"widget\" data-widget_type=\"text-editor.default\">\n\t\t\t\t<div class=\"elementor-widget-container\">\n\t\t\t\t\t\t\t\t\t<div class=\"t pg-1m0 pg-1x2 pg-1h4 pg-1y4 pg-1ff1 pg-1fs1 pg-1fc0 pg-1sc0 pg-1ls0 pg-1ws0\"><ul><li class=\"t pg-1m0 pg-1x2 pg-1h4 pg-1y3 pg-1ff1 pg-1fs1 pg-1fc0 pg-1sc0 pg-1ls0 pg-1ws0\"><strong>Editeur du Site :<\/strong> MON VOISIN ME REGALE<\/li><li class=\"t pg-1m0 pg-1x2 pg-1h4 pg-1y3 pg-1ff1 pg-1fs1 pg-1fc0 pg-1sc0 pg-1ls0 pg-1ws0\"><strong>Si\u00e8ge social <\/strong><span class=\"pg-1ff2\"><strong>:<\/strong> 909 Chemin de Catalanis \u2013 31450 Bazi\u00e8ge<\/span><\/li><li class=\"t pg-1m0 pg-1x2 pg-1h4 pg-1y3 pg-1ff1 pg-1fs1 pg-1fc0 pg-1sc0 pg-1ls0 pg-1ws0\"><strong>Capital social<\/strong> <span class=\"pg-1ff2\">:<\/span> <span class=\"pg-1ff2\">10 000 euros<\/span><\/li><li class=\"t pg-1m0 pg-1x2 pg-1h4 pg-1y3 pg-1ff1 pg-1fs1 pg-1fc0 pg-1sc0 pg-1ls0 pg-1ws0\"><strong>RCS Toulouse <\/strong><span class=\"pg-1ff2\"><strong>:<\/strong> 898 970 116<\/span><\/li><li class=\"t pg-1m0 pg-1x2 pg-1h4 pg-1y3 pg-1ff1 pg-1fs1 pg-1fc0 pg-1sc0 pg-1ls0 pg-1ws0\"><strong>N\u00b0TVA intracommunautaire <\/strong><span class=\"pg-1ff2\"><strong>:<\/strong> FR 57898970116<\/span><\/li><li class=\"t pg-1m0 pg-1x2 pg-1h4 pg-1y3 pg-1ff1 pg-1fs1 pg-1fc0 pg-1sc0 pg-1ls0 pg-1ws0\"><strong>Email <\/strong><span class=\"pg-1ff2\"><strong>:<\/strong>\u00a0vincent@monvoisinmeregale.fr<\/span><\/li><li class=\"t pg-1m0 pg-1x2 pg-1h4 pg-1y3 pg-1ff1 pg-1fs1 pg-1fc0 pg-1sc0 pg-1ls0 pg-1ws0\"><strong>Num\u00e9ro de t\u00e9l\u00e9phone <\/strong><span class=\"pg-1ff2\"><strong>:<\/strong> 0<span class=\"pg-1ff3\">6.22.42.01.88<\/span><\/span><\/li><li class=\"t pg-1m0 pg-1x2 pg-1h4 pg-1y3 pg-1ff1 pg-1fs1 pg-1fc0 pg-1sc0 pg-1ls0 pg-1ws0\"><strong>Directrice de la publication :<\/strong> <span class=\"pg-1ff2\">FLORIE NIS<\/span><\/li><li class=\"t pg-1m0 pg-1x2 pg-1h4 pg-1y3 pg-1ff1 pg-1fs1 pg-1fc0 pg-1sc0 pg-1ls0 pg-1ws0\"><strong>H\u00e9bergeur de l\u2019application :<\/strong> OVH Si\u00e8ge social<span class=\"pg-1ff2\"> : 2 rue Kerllmann, 59100 Roubaix<\/span><\/li><li class=\"t pg-1m0 pg-1x2 pg-1h4 pg-1y3 pg-1ff1 pg-1fs1 pg-1fc0 pg-1sc0 pg-1ls0 pg-1ws0\"><strong>Lieu d\u2019h\u00e9bergement des donn\u00e9es <\/strong><span class=\"pg-1ff2\"><strong>:<\/strong> France<\/span><\/li><\/ul><\/div>\t\t\t\t\t\t\t\t<\/div>\n\t\t\t\t<\/div>\n\t\t\t\t\t<\/div>\n\t\t\t\t<\/div>\n\t\t<div class=\"elementor-element elementor-element-28f6700a e-flex e-con-boxed e-con e-parent\" data-id=\"28f6700a\" data-element_type=\"container\" data-e-type=\"container\">\n\t\t\t\t\t<div class=\"e-con-inner\">\n\t\t\t\t<div class=\"elementor-element elementor-element-5c2be063 elementor-shape-circle elementor-grid-0 e-grid-align-center elementor-widget elementor-widget-social-icons\" data-id=\"5c2be063\" data-element_type=\"widget\" data-e-type=\"widget\" data-widget_type=\"social-icons.default\">\n\t\t\t\t<div class=\"elementor-widget-container\">\n\t\t\t\t\t\t\t<div class=\"elementor-social-icons-wrapper elementor-grid\" role=\"list\">\n\t\t\t\t\t\t\t<span class=\"elementor-grid-item\" role=\"listitem\">\n\t\t\t\t\t<a class=\"elementor-icon elementor-social-icon elementor-social-icon-facebook elementor-repeater-item-937020a\" href=\"https:\/\/www.facebook.com\/profile.php?id=100075984850556\" target=\"_blank\">\n\t\t\t\t\t\t<span class=\"elementor-screen-only\">Facebook<\/span>\n\t\t\t\t\t\t<svg aria-hidden=\"true\" class=\"e-font-icon-svg e-fab-facebook\" viewBox=\"0 0 512 512\" xmlns=\"http:\/\/www.w3.org\/2000\/svg\"><path d=\"M504 256C504 119 393 8 256 8S8 119 8 256c0 123.78 90.69 226.38 209.25 245V327.69h-63V256h63v-54.64c0-62.15 37-96.48 93.67-96.48 27.14 0 55.52 4.84 55.52 4.84v61h-31.28c-30.8 0-40.41 19.12-40.41 38.73V256h68.78l-11 71.69h-57.78V501C413.31 482.38 504 379.78 504 256z\"><\/path><\/svg>\t\t\t\t\t<\/a>\n\t\t\t\t<\/span>\n\t\t\t\t\t\t\t<span class=\"elementor-grid-item\" role=\"listitem\">\n\t\t\t\t\t<a class=\"elementor-icon elementor-social-icon elementor-social-icon-instagram elementor-repeater-item-e3c090f\" href=\"https:\/\/www.instagram.com\/mon_voisin_me_regale\/\" target=\"_blank\">\n\t\t\t\t\t\t<span class=\"elementor-screen-only\">Instagram<\/span>\n\t\t\t\t\t\t<svg aria-hidden=\"true\" class=\"e-font-icon-svg e-fab-instagram\" viewBox=\"0 0 448 512\" xmlns=\"http:\/\/www.w3.org\/2000\/svg\"><path d=\"M224.1 141c-63.6 0-114.9 51.3-114.9 114.9s51.3 114.9 114.9 114.9S339 319.5 339 255.9 287.7 141 224.1 141zm0 189.6c-41.1 0-74.7-33.5-74.7-74.7s33.5-74.7 74.7-74.7 74.7 33.5 74.7 74.7-33.6 74.7-74.7 74.7zm146.4-194.3c0 14.9-12 26.8-26.8 26.8-14.9 0-26.8-12-26.8-26.8s12-26.8 26.8-26.8 26.8 12 26.8 26.8zm76.1 27.2c-1.7-35.9-9.9-67.7-36.2-93.9-26.2-26.2-58-34.4-93.9-36.2-37-2.1-147.9-2.1-184.9 0-35.8 1.7-67.6 9.9-93.9 36.1s-34.4 58-36.2 93.9c-2.1 37-2.1 147.9 0 184.9 1.7 35.9 9.9 67.7 36.2 93.9s58 34.4 93.9 36.2c37 2.1 147.9 2.1 184.9 0 35.9-1.7 67.7-9.9 93.9-36.2 26.2-26.2 34.4-58 36.2-93.9 2.1-37 2.1-147.8 0-184.8zM398.8 388c-7.8 19.6-22.9 34.7-42.6 42.6-29.5 11.7-99.5 9-132.1 9s-102.7 2.6-132.1-9c-19.6-7.8-34.7-22.9-42.6-42.6-11.7-29.5-9-99.5-9-132.1s-2.6-102.7 9-132.1c7.8-19.6 22.9-34.7 42.6-42.6 29.5-11.7 99.5-9 132.1-9s102.7-2.6 132.1 9c19.6 7.8 34.7 22.9 42.6 42.6 11.7 29.5 9 99.5 9 132.1s2.7 102.7-9 132.1z\"><\/path><\/svg>\t\t\t\t\t<\/a>\n\t\t\t\t<\/span>\n\t\t\t\t\t\t\t<span class=\"elementor-grid-item\" role=\"listitem\">\n\t\t\t\t\t<a class=\"elementor-icon elementor-social-icon elementor-social-icon-linkedin elementor-repeater-item-21fc765\" href=\"https:\/\/www.linkedin.com\/company\/mon-voisin-me-r%C3%A9gale\" target=\"_blank\">\n\t\t\t\t\t\t<span class=\"elementor-screen-only\">Linkedin<\/span>\n\t\t\t\t\t\t<svg aria-hidden=\"true\" class=\"e-font-icon-svg e-fab-linkedin\" viewBox=\"0 0 448 512\" xmlns=\"http:\/\/www.w3.org\/2000\/svg\"><path d=\"M416 32H31.9C14.3 32 0 46.5 0 64.3v383.4C0 465.5 14.3 480 31.9 480H416c17.6 0 32-14.5 32-32.3V64.3c0-17.8-14.4-32.3-32-32.3zM135.4 416H69V202.2h66.5V416zm-33.2-243c-21.3 0-38.5-17.3-38.5-38.5S80.9 96 102.2 96c21.2 0 38.5 17.3 38.5 38.5 0 21.3-17.2 38.5-38.5 38.5zm282.1 243h-66.4V312c0-24.8-.5-56.7-34.5-56.7-34.6 0-39.9 27-39.9 54.9V416h-66.4V202.2h63.7v29.2h.9c8.9-16.8 30.6-34.5 62.9-34.5 67.2 0 79.7 44.3 79.7 101.9V416z\"><\/path><\/svg>\t\t\t\t\t<\/a>\n\t\t\t\t<\/span>\n\t\t\t\t\t<\/div>\n\t\t\t\t\t\t<\/div>\n\t\t\t\t<\/div>\n\t\t\t\t\t<\/div>\n\t\t\t\t<\/div>\n\t\t\t\t<\/div>\n\t\t","protected":false},"excerpt":{"rendered":"<p>Mentions l\u00e9gales Editeur du Site : MON VOISIN ME REGALE Si\u00e8ge social : 909 Chemin de Catalanis \u2013 31450 Bazi\u00e8ge Capital social : 10 000 euros RCS Toulouse : 898 970 116 N\u00b0TVA intracommunautaire : FR 57898970116 Email :\u00a0vincent@monvoisinmeregale.fr Num\u00e9ro de t\u00e9l\u00e9phone : 06.22.42.01.88 Directrice de la publication : FLORIE NIS H\u00e9bergeur de l\u2019application :&hellip;&nbsp;<a href=\"https:\/\/www.monvoisinmeregale.fr\/index.php\/mentions-legales-du-site\/\" class=\"\" rel=\"bookmark\">Lire la suite &raquo;<span class=\"screen-reader-text\">mentions l\u00e9gales<\/span><\/a><\/p>\n","protected":false},"author":1,"featured_media":0,"parent":0,"menu_order":0,"comment_status":"closed","ping_status":"closed","template":"","meta":{"neve_meta_sidebar":"","neve_meta_container":"","neve_meta_enable_content_width":"","neve_meta_content_width":0,"neve_meta_title_alignment":"","neve_meta_author_avatar":"","neve_post_elements_order":"","neve_meta_disable_header":"off","neve_meta_disable_footer":"","neve_meta_disable_title":"on","footnotes":""},"class_list":["post-143","page","type-page","status-publish","hentry"],"yoast_head":"<!-- This site is optimized with the Yoast SEO plugin v27.4 - https:\/\/yoast.com\/product\/yoast-seo-wordpress\/ -->\n<title>mentions l\u00e9gales - Mon voisin me r\u00e9gale<\/title>\n<meta name=\"description\" content=\"Mentions l\u00e9gales du site Mon voisin me r\u00e9gale\" \/>\n<meta name=\"robots\" content=\"index, follow, max-snippet:-1, max-image-preview:large, max-video-preview:-1\" \/>\n<link rel=\"canonical\" href=\"https:\/\/www.monvoisinmeregale.fr\/index.php\/mentions-legales-du-site\/\" \/>\n<meta property=\"og:locale\" content=\"fr_FR\" \/>\n<meta property=\"og:type\" content=\"article\" \/>\n<meta property=\"og:title\" content=\"mentions l\u00e9gales - Mon voisin me r\u00e9gale\" \/>\n<meta property=\"og:description\" content=\"Mentions l\u00e9gales du site Mon voisin me r\u00e9gale\" \/>\n<meta property=\"og:url\" content=\"https:\/\/www.monvoisinmeregale.fr\/index.php\/mentions-legales-du-site\/\" \/>\n<meta property=\"og:site_name\" content=\"Mon voisin me r\u00e9gale\" \/>\n<meta property=\"article:publisher\" content=\"https:\/\/www.facebook.com\/monvoisinmeregale\" \/>\n<meta property=\"article:modified_time\" content=\"2024-06-12T09:17:09+00:00\" \/>\n<meta name=\"twitter:card\" content=\"summary_large_image\" \/>\n<meta name=\"twitter:label1\" content=\"Dur\u00e9e de lecture estim\u00e9e\" \/>\n\t<meta name=\"twitter:data1\" content=\"1 minute\" \/>\n<script type=\"application\/ld+json\" class=\"yoast-schema-graph\">{\"@context\":\"https:\\\/\\\/schema.org\",\"@graph\":[{\"@type\":\"WebPage\",\"@id\":\"https:\\\/\\\/www.monvoisinmeregale.fr\\\/index.php\\\/mentions-legales-du-site\\\/\",\"url\":\"https:\\\/\\\/www.monvoisinmeregale.fr\\\/index.php\\\/mentions-legales-du-site\\\/\",\"name\":\"mentions l\u00e9gales - Mon voisin me r\u00e9gale\",\"isPartOf\":{\"@id\":\"https:\\\/\\\/www.monvoisinmeregale.fr\\\/#website\"},\"datePublished\":\"2024-03-15T10:12:11+00:00\",\"dateModified\":\"2024-06-12T09:17:09+00:00\",\"description\":\"Mentions l\u00e9gales du site Mon voisin me r\u00e9gale\",\"breadcrumb\":{\"@id\":\"https:\\\/\\\/www.monvoisinmeregale.fr\\\/index.php\\\/mentions-legales-du-site\\\/#breadcrumb\"},\"inLanguage\":\"fr-FR\",\"potentialAction\":[{\"@type\":\"ReadAction\",\"target\":[\"https:\\\/\\\/www.monvoisinmeregale.fr\\\/index.php\\\/mentions-legales-du-site\\\/\"]}]},{\"@type\":\"BreadcrumbList\",\"@id\":\"https:\\\/\\\/www.monvoisinmeregale.fr\\\/index.php\\\/mentions-legales-du-site\\\/#breadcrumb\",\"itemListElement\":[{\"@type\":\"ListItem\",\"position\":1,\"name\":\"Accueil\",\"item\":\"https:\\\/\\\/www.monvoisinmeregale.fr\\\/\"},{\"@type\":\"ListItem\",\"position\":2,\"name\":\"mentions l\u00e9gales\"}]},{\"@type\":\"WebSite\",\"@id\":\"https:\\\/\\\/www.monvoisinmeregale.fr\\\/#website\",\"url\":\"https:\\\/\\\/www.monvoisinmeregale.fr\\\/\",\"name\":\"Mon voisin me r\u00e9gale\",\"description\":\"P\u00e2tes et l\u00e9gumineuses du Lauragais\",\"publisher\":{\"@id\":\"https:\\\/\\\/www.monvoisinmeregale.fr\\\/#organization\"},\"potentialAction\":[{\"@type\":\"SearchAction\",\"target\":{\"@type\":\"EntryPoint\",\"urlTemplate\":\"https:\\\/\\\/www.monvoisinmeregale.fr\\\/?s={search_term_string}\"},\"query-input\":{\"@type\":\"PropertyValueSpecification\",\"valueRequired\":true,\"valueName\":\"search_term_string\"}}],\"inLanguage\":\"fr-FR\"},{\"@type\":\"Organization\",\"@id\":\"https:\\\/\\\/www.monvoisinmeregale.fr\\\/#organization\",\"name\":\"Mon voisin me r\u00e9gale\",\"url\":\"https:\\\/\\\/www.monvoisinmeregale.fr\\\/\",\"logo\":{\"@type\":\"ImageObject\",\"inLanguage\":\"fr-FR\",\"@id\":\"https:\\\/\\\/www.monvoisinmeregale.fr\\\/#\\\/schema\\\/logo\\\/image\\\/\",\"url\":\"https:\\\/\\\/www.monvoisinmeregale.fr\\\/wp-content\\\/uploads\\\/2024\\\/03\\\/LOGO.png\",\"contentUrl\":\"https:\\\/\\\/www.monvoisinmeregale.fr\\\/wp-content\\\/uploads\\\/2024\\\/03\\\/LOGO.png\",\"width\":1822,\"height\":1788,\"caption\":\"Mon voisin me r\u00e9gale\"},\"image\":{\"@id\":\"https:\\\/\\\/www.monvoisinmeregale.fr\\\/#\\\/schema\\\/logo\\\/image\\\/\"},\"sameAs\":[\"https:\\\/\\\/www.facebook.com\\\/monvoisinmeregale\",\"https:\\\/\\\/www.instagram.com\\\/mon_voisin_me_regale\\\/\",\"https:\\\/\\\/www.linkedin.com\\\/company\\\/monvoisinmeregale\"]}]}<\/script>\n<!-- \/ Yoast SEO plugin. -->","yoast_head_json":{"title":"mentions l\u00e9gales - Mon voisin me r\u00e9gale","description":"Mentions l\u00e9gales du site Mon voisin me r\u00e9gale","robots":{"index":"index","follow":"follow","max-snippet":"max-snippet:-1","max-image-preview":"max-image-preview:large","max-video-preview":"max-video-preview:-1"},"canonical":"https:\/\/www.monvoisinmeregale.fr\/index.php\/mentions-legales-du-site\/","og_locale":"fr_FR","og_type":"article","og_title":"mentions l\u00e9gales - Mon voisin me r\u00e9gale","og_description":"Mentions l\u00e9gales du site Mon voisin me r\u00e9gale","og_url":"https:\/\/www.monvoisinmeregale.fr\/index.php\/mentions-legales-du-site\/","og_site_name":"Mon voisin me r\u00e9gale","article_publisher":"https:\/\/www.facebook.com\/monvoisinmeregale","article_modified_time":"2024-06-12T09:17:09+00:00","twitter_card":"summary_large_image","twitter_misc":{"Dur\u00e9e de lecture estim\u00e9e":"1 minute"},"schema":{"@context":"https:\/\/schema.org","@graph":[{"@type":"WebPage","@id":"https:\/\/www.monvoisinmeregale.fr\/index.php\/mentions-legales-du-site\/","url":"https:\/\/www.monvoisinmeregale.fr\/index.php\/mentions-legales-du-site\/","name":"mentions l\u00e9gales - Mon voisin me r\u00e9gale","isPartOf":{"@id":"https:\/\/www.monvoisinmeregale.fr\/#website"},"datePublished":"2024-03-15T10:12:11+00:00","dateModified":"2024-06-12T09:17:09+00:00","description":"Mentions l\u00e9gales du site Mon voisin me r\u00e9gale","breadcrumb":{"@id":"https:\/\/www.monvoisinmeregale.fr\/index.php\/mentions-legales-du-site\/#breadcrumb"},"inLanguage":"fr-FR","potentialAction":[{"@type":"ReadAction","target":["https:\/\/www.monvoisinmeregale.fr\/index.php\/mentions-legales-du-site\/"]}]},{"@type":"BreadcrumbList","@id":"https:\/\/www.monvoisinmeregale.fr\/index.php\/mentions-legales-du-site\/#breadcrumb","itemListElement":[{"@type":"ListItem","position":1,"name":"Accueil","item":"https:\/\/www.monvoisinmeregale.fr\/"},{"@type":"ListItem","position":2,"name":"mentions l\u00e9gales"}]},{"@type":"WebSite","@id":"https:\/\/www.monvoisinmeregale.fr\/#website","url":"https:\/\/www.monvoisinmeregale.fr\/","name":"Mon voisin me r\u00e9gale","description":"P\u00e2tes et l\u00e9gumineuses du Lauragais","publisher":{"@id":"https:\/\/www.monvoisinmeregale.fr\/#organization"},"potentialAction":[{"@type":"SearchAction","target":{"@type":"EntryPoint","urlTemplate":"https:\/\/www.monvoisinmeregale.fr\/?s={search_term_string}"},"query-input":{"@type":"PropertyValueSpecification","valueRequired":true,"valueName":"search_term_string"}}],"inLanguage":"fr-FR"},{"@type":"Organization","@id":"https:\/\/www.monvoisinmeregale.fr\/#organization","name":"Mon voisin me r\u00e9gale","url":"https:\/\/www.monvoisinmeregale.fr\/","logo":{"@type":"ImageObject","inLanguage":"fr-FR","@id":"https:\/\/www.monvoisinmeregale.fr\/#\/schema\/logo\/image\/","url":"https:\/\/www.monvoisinmeregale.fr\/wp-content\/uploads\/2024\/03\/LOGO.png","contentUrl":"https:\/\/www.monvoisinmeregale.fr\/wp-content\/uploads\/2024\/03\/LOGO.png","width":1822,"height":1788,"caption":"Mon voisin me r\u00e9gale"},"image":{"@id":"https:\/\/www.monvoisinmeregale.fr\/#\/schema\/logo\/image\/"},"sameAs":["https:\/\/www.facebook.com\/monvoisinmeregale","https:\/\/www.instagram.com\/mon_voisin_me_regale\/","https:\/\/www.linkedin.com\/company\/monvoisinmeregale"]}]}},"_links":{"self":[{"href":"https:\/\/www.monvoisinmeregale.fr\/index.php\/wp-json\/wp\/v2\/pages\/143","targetHints":{"allow":["GET"]}}],"collection":[{"href":"https:\/\/www.monvoisinmeregale.fr\/index.php\/wp-json\/wp\/v2\/pages"}],"about":[{"href":"https:\/\/www.monvoisinmeregale.fr\/index.php\/wp-json\/wp\/v2\/types\/page"}],"author":[{"embeddable":true,"href":"https:\/\/www.monvoisinmeregale.fr\/index.php\/wp-json\/wp\/v2\/users\/1"}],"replies":[{"embeddable":true,"href":"https:\/\/www.monvoisinmeregale.fr\/index.php\/wp-json\/wp\/v2\/comments?post=143"}],"version-history":[{"count":25,"href":"https:\/\/www.monvoisinmeregale.fr\/index.php\/wp-json\/wp\/v2\/pages\/143\/revisions"}],"predecessor-version":[{"id":578,"href":"https:\/\/www.monvoisinmeregale.fr\/index.php\/wp-json\/wp\/v2\/pages\/143\/revisions\/578"}],"wp:attachment":[{"href":"https:\/\/www.monvoisinmeregale.fr\/index.php\/wp-json\/wp\/v2\/media?parent=143"}],"curies":[{"name":"wp","href":"https:\/\/api.w.org\/{rel}","templated":true}]}}